{"id":62,"date":"2022-04-07T11:16:45","date_gmt":"2022-04-07T09:16:45","guid":{"rendered":"http:\/\/pro-sic.fr\/index.php\/mesmerize\/"},"modified":"2026-03-31T11:53:00","modified_gmt":"2026-03-31T09:53:00","slug":"mesmerize","status":"publish","type":"page","link":"https:\/\/pro-sic.fr\/","title":{"rendered":"Front Page"},"content":{"rendered":"<div  data-label=\"About\" data-id=\"about--1\" data-export-id=\"about-1\" data-category=\"about\" class=\"about-1 content-section\" id=\"about-1\" style=\"background-color: rgb(255, 255, 255);\"><div  class=\"gridContainer\"> <div  class=\"row text-center\"><div  class=\"section-title-col\" data-type=\"column\"> <h5  class=\"\">Un marque de r\u00e9f\u00e9rence<\/h5> <h2  class=\"\">Messi &amp; Paoloni, 70 ans d\u2019experience<\/h2> <p  class=\"lead\">Messi &amp; Paoloni est une entreprise italienne fond\u00e9e apr\u00e8s la Seconde Guerre mondiale et sp\u00e9cialis\u00e9e dans la conception et la fabrication de c\u00e2bles coaxiaux, connecteurs RF et solutions de c\u00e2blage pour les t\u00e9l\u00e9communications. Bas\u00e9e \u00e0 Ancona, la soci\u00e9t\u00e9 s\u2019est impos\u00e9e comme un acteur reconnu pour la qualit\u00e9, la fiabilit\u00e9 et l\u2019innovation de ses produits, largement utilis\u00e9s dans la radio, la t\u00e9l\u00e9vision, l\u2019industrie et les r\u00e9seaux. Gr\u00e2ce \u00e0 une expertise de plus de 70 ans et \u00e0 un contr\u00f4le rigoureux de la production, Messi &amp; Paoloni propose une gamme compl\u00e8te de c\u00e2bles performants, appr\u00e9ci\u00e9s des professionnels comme des radioamateurs.\n<\/p><\/div> <\/div> <div  class=\"row\"> <div  class=\"button-holder space-bottom space-bottom-small\" data-type=\"column\"> <a class=\"button color1\" href=\"https:\/\/boutique.pro-sic.fr\/318-coax\" target=\"_blank\" data-cp-link=\"1\" rel=\"noopener\">Visiter<\/a><\/div> <div  class=\"col-xs bottom-xs flexbox image-group-bottom-3-img space-bottom-xs center-xs\"> <img  decoding=\"async\" class=\"left-img shadow-large-black\" data-size=\"500x300\" src=\"http:\/\/pro-sic.fr\/wp-content\/uploads\/2025\/12\/cropped-cropped-05657-TACTICALKIT-DE-LISTA-CAVI-STANDARDZoom4.jpg\" title=\"cropped-cropped-05657-TACTICALKIT-DE-LISTA-CAVI-STANDARDZoom4.jpg\" alt=\"\"> <img  decoding=\"async\" class=\"center-img shadow-large-black\" data-size=\"500x300\" src=\"http:\/\/pro-sic.fr\/wp-content\/uploads\/2025\/12\/cropped-AigleJPGWEB.jpg\" title=\"cropped-AigleJPGWEB.jpg\" alt=\"\"> <img  decoding=\"async\" class=\"right-img shadow-large-black\" data-size=\"500x300\" src=\"http:\/\/pro-sic.fr\/wp-content\/uploads\/2025\/12\/cropped-13mm-Pre-assembled-connectors-coax-jumpers-2.png\" title=\"cropped-13mm-Pre-assembled-connectors-coax-jumpers-2.png\" alt=\"\"><\/div> <\/div><\/div> <\/div><div  id=\"features-1\" style=\"background-color: #ffffff;\" data-label=\"Features\" data-id=\"features-16-card-bordered-mc\" data-export-id=\"features-16-card-bordered-mc\" data-category=\"features\" class=\"features-16-card-bordered-mc content-section content-section-spacing\"><div  class=\"gridContainer\"> <div  class=\"row text-center\"><div  class=\"section-title-col\" data-type=\"column\"> <h5  class=\"\">Nos marques<\/h5> <h2  class=\"\">Nos solutions vous permettent de progresser!<\/h2> <p  class=\"lead\">Plus de 35 ans d\u2019experiences dans les besoins op\u00e9rationnels font la diff\u00e9rence<\/p><\/div> <\/div> <div  class=\"row spaced-cols\" data-type=\"row\"> <div  class=\"col-xs-12 col-sm-6 col-md-4\"> <div  class=\"card no-padding bordered y-move\">  <div  data-type=\"column\" class=\"col-padding-small col-padding-small-xs description-container\">  <img  decoding=\"async\" class=\"custom-image\" src=\"http:\/\/pro-sic.fr\/wp-content\/uploads\/2022\/04\/PROSIC.gif\" title=\"PROSIC\" alt=\"\"><h4  class=\"font-500\">Un besoin particulier?<\/h4><p  class=\"\">Nos expertises sur le theatre national ou en op\u00e9ration exterieure sont les atouts que nous mettons \u00e0 votre service.<\/p><a class=\"link\" href=\"https:\/\/pro-sic.fr\/index.php\/contact\" target=\"_self\" data-cp-link=\"1\" rel=\"noopener\">Contact<\/a><\/div> <div  data-type=\"column\" class=\"col-padding-small col-padding-small-xs read-more-container\"><\/div> <\/div><\/div> <div  class=\"col-xs-12 col-sm-6 col-md-4\"><div  class=\"card no-padding bordered y-move\">  <div  data-type=\"column\" class=\"col-padding-small col-padding-small-xs description-container\">  <a data-cp-link=\"1\" href=\"https:\/\/boutique.pro-sic.fr\/265-yaesu\" class=\"\" target=\"_blank\" rel=\"noopener\"><img  decoding=\"async\" class=\"custom-image\" src=\"http:\/\/pro-sic.fr\/wp-content\/uploads\/2022\/04\/Image-Yaesu.jpg\" title=\"LOGO-YAESU\" alt=\"\"><\/a><h4  class=\"font-500\">Des moyens de communications.<\/h4><p  class=\"\">La marque Yaesu est bien connue du mnde de la radio communication professionnelle ou de loisir.<\/p><\/div> <div  data-type=\"column\" class=\"col-padding-small col-padding-small-xs read-more-container\"><\/div> <\/div><\/div> <div  class=\"col-xs-12 col-sm-6 col-md-4\"><div  class=\"card no-padding bordered y-move\">  <div  data-type=\"column\" class=\"col-padding-small col-padding-small-xs description-container\"> <a data-cp-link=\"1\" href=\"http:\/\/www.aor-france.com\" class=\"\" target=\"_blank\" rel=\"noopener\"><img  decoding=\"async\" class=\"custom-image\" src=\"http:\/\/pro-sic.fr\/wp-content\/uploads\/2022\/04\/Logo-AOR.gif\" title=\"Logo-AOR\" alt=\"\"><\/a><h4  class=\"font-500\">La r\u00e9f\u00e9rence de l\u2019\u00e9coute .<\/h4> <p  class=\"\">Plus de 40 ans d\u2019experience dans la recherche de signaux et leurs d\u00e9codages. AOR c\u2019est une gamme de produits pour tous.<\/p><\/div> <div  data-type=\"column\" class=\"col-padding-small col-padding-small-xs read-more-container\"><a class=\"link\" href=\"http:\/\/www.aor-france.com\" target=\"_self\" data-cp-link=\"1\" rel=\"noopener\">En savoir plus<\/a><\/div> <\/div><\/div> <\/div><\/div> <\/div><div  data-label=\"Features\" data-id=\"features--1\" data-export-id=\"features-16\" data-category=\"features\" class=\"features-16 content-section content-section-spacing\" id=\"features-2\" style=\"background-color: rgb(245, 250, 253);\"><div  class=\"gridContainer\"> <div  class=\"row text-center\"><div  class=\"section-title-col\" data-type=\"column\">  <\/div> <\/div> <div  class=\"row spaced-cols\" data-type=\"row\"> <div  class=\"col-xs-12 col-sm-6 space-bottom col-md-4 \"> <a data-cp-link=\"1\" href=\"http:\/\/www.comet-antenna.com\" target=\"_blank\" rel=\"noopener\" class=\"\"><img  decoding=\"async\" class=\"face\" src=\"http:\/\/pro-sic.fr\/wp-content\/uploads\/2022\/04\/Image-COMET.gif\"><\/a> <div  data-type=\"column\" class=\"col-padding-small col-padding-small-xs description-container\"> <h4  class=\"font-500\">Un concepteur historique<\/h4> <p  class=\"\">Depuis 1981, COMET concoit des antennes pour les communiations de loisir, les systemes de t\u00e9l\u00e9phonie et de communictions mobiles.<\/p> <a class=\"read-more\" href=\"http:\/\/www.comet-antenna.com\" target=\"_self\" data-cp-link=\"1\" rel=\"noopener\">En savoir plus<\/a><\/div> <\/div> <div  class=\"col-xs-12 col-sm-6 space-bottom col-md-4 \"> <a data-cp-link=\"1\" href=\"http:\/\/www.warrior-as.fr\" target=\"_blank\" rel=\"noopener\" class=\"\"><img  decoding=\"async\" class=\"face\" src=\"http:\/\/pro-sic.fr\/wp-content\/uploads\/2022\/04\/WarriorWeb-1.gif\" title=\"WarriorWeb\" alt=\"\"><\/a> <div  data-type=\"column\" class=\"col-padding-small col-padding-small-xs description-container\"> <h4  class=\"font-500\">L\u2019\u00e9quipement du combattant<\/h4> <p  class=\"\">Depuis plus de 10 ans nous sommes le repr\u00e9sentant historique de cette marque qui \u00e9quipe le combattant.<\/p> <a class=\"read-more\" href=\"http:\/\/warrior-as.fr\" target=\"_self\" data-cp-link=\"1\" rel=\"noopener\">en savoir plus<\/a><\/div> <\/div> <div  class=\"col-xs-12 col-sm-6 space-bottom col-md-4 \"> <a data-cp-link=\"1\" href=\"https:\/\/boutique.pro-sic.fr\/279-alinco\" target=\"_blank\" rel=\"noopener\" class=\"\"><img  decoding=\"async\" class=\"face\" src=\"http:\/\/pro-sic.fr\/wp-content\/uploads\/2022\/04\/logo-Comet-WEB.jpg\" title=\"logo-Comet-WEB\" alt=\"\"><\/a> <div  data-type=\"column\" class=\"col-padding-small col-padding-small-xs description-container\"> <h4  class=\"font-500\">Depuis 1938<\/h4> <p  class=\"\">Cr\u00e9e en 1938, Alinco inove en 1990 pour des \u00e9quipements de communications pour les pationn\u00e9s de la radiocommunication de loisir.<\/p> <a class=\"read-more\" href=\"http:\/\/www.alinco-france.com\" target=\"_self\" data-cp-link=\"1\" rel=\"noopener\">En savoir plus<\/a><\/div> <\/div><div  class=\"col-xs-12 col-sm-6 space-bottom col-md-4 \"> <a data-cp-link=\"1\" href=\"http:\/\/www.tough-hook.fr\" target=\"_blank\" rel=\"noopener\" class=\"\"><img  decoding=\"async\" class=\"face\" src=\"http:\/\/pro-sic.fr\/wp-content\/uploads\/2022\/04\/Imagette-TH.jpg\"><\/a> <div  data-type=\"column\" class=\"col-padding-small col-padding-small-xs description-container\"> <h4  class=\"font-500\">Tough Hook<\/h4> <p  class=\"\">Polyvalent, incassable et fabriqu\u00e9 aux \u00c9tats-Unis par des v\u00e9t\u00e9rans am\u00e9ricains, pour les aventuriers, sportifs et hommes du terrain. <\/p> <a class=\"read-more\" href=\"https:\/\/tough-hook.fr\" target=\"_self\" data-cp-link=\"1\" rel=\"noopener\">En savoir plus<\/a><\/div> <\/div><div  class=\"col-xs-12 col-sm-6 space-bottom col-md-4\"> <a data-cp-link=\"1\" href=\"http:\/\/www.nexus-armour.fr\" target=\"_blank\" rel=\"noopener\" class=\"\"><img  decoding=\"async\" class=\"face\" src=\"http:\/\/pro-sic.fr\/wp-content\/uploads\/2022\/06\/Imagette-NXS.jpg\"><\/a> <div  data-type=\"column\" class=\"col-padding-small col-padding-small-xs description-container\"> <h4  class=\"font-500\">Protection individuelle<\/h4> <p  class=\"\">En France, l\u2019acquisition, d\u00e9tention, utilisation d\u2019\u00e9quipement au titre de la protection individuelle est autoris\u00e9e \u00e0 d\u00e9faut de pouvoir emp\u00eacher l\u2019autod\u00e9fense passive contre les agressions\u2026<\/p> <a class=\"read-more\" href=\"http:\/\/www.nexus-armour.fr\" target=\"_blank\" data-cp-link=\"1\" rel=\"noopener\">En savoir plus<\/a><\/div> <\/div><div  class=\"col-xs-12 col-sm-6 space-bottom col-md-4\"> <a data-cp-link=\"1\" href=\"https:\/\/boutique.pro-sic.fr\/264-surecom\" target=\"_blank\" rel=\"noopener\" class=\"\"><img  decoding=\"async\" class=\"face\" src=\"http:\/\/pro-sic.fr\/wp-content\/uploads\/2023\/11\/cropped-SURECOM_logo-white-scaled-1.jpg\"><\/a> <div  data-type=\"column\" class=\"col-padding-small col-padding-small-xs description-container\"> <h4  class=\"font-500\">Les interfaces pour relais<\/h4> <p  class=\"\">Surecom est l\u2019une des rares soci\u00e9t innovante qui permet une gamme de produits d\u2019interfa\u00e7age de relayage mono fr\u00e9quence en&nbsp; \u00ab&nbsp;P\u00e9roquet&nbsp;\u00bb, \u00ab&nbsp;Relais&nbsp;\u00bb ou \u00ab&nbsp;Transpondeur&nbsp;\u00bb, ainsi que des outiles de mesure large bande.<\/p> <a class=\"read-more\" href=\"https:\/\/boutique.pro-sic.fr\/brand\/18-surecom\" target=\"_self\" data-cp-link=\"1\" rel=\"noopener\">En savoir plus<\/a><\/div> <\/div><\/div> <\/div><\/div>","protected":false},"excerpt":{"rendered":"<p>Un marque de r\u00e9f\u00e9rence Messi &amp; Paoloni, 70 ans d\u2019experience Messi &amp; Paoloni est une entreprise italienne fond\u00e9e apr\u00e8s la Seconde Guerre mondiale et sp\u00e9cialis\u00e9e dans la conception et la fabrication de c\u00e2bles coaxiaux, connecteurs RF et solutions de c\u00e2blage pour les t\u00e9l\u00e9communications. Bas\u00e9e \u00e0 Ancona, la soci\u00e9t\u00e9 s\u2019est impos\u00e9e comme un acteur reconnu pour&hellip; <br \/> <a class=\"read-more\" href=\"https:\/\/pro-sic.fr\/\">Lire la suite<\/a><\/p>\n","protected":false},"author":1,"featured_media":0,"parent":0,"menu_order":0,"comment_status":"closed","ping_status":"closed","template":"page-templates\/homepage.php","meta":{"footnotes":""},"_links":{"self":[{"href":"https:\/\/pro-sic.fr\/index.php\/wp-json\/wp\/v2\/pages\/62"}],"collection":[{"href":"https:\/\/pro-sic.fr\/index.php\/wp-json\/wp\/v2\/pages"}],"about":[{"href":"https:\/\/pro-sic.fr\/index.php\/wp-json\/wp\/v2\/types\/page"}],"author":[{"embeddable":true,"href":"https:\/\/pro-sic.fr\/index.php\/wp-json\/wp\/v2\/users\/1"}],"replies":[{"embeddable":true,"href":"https:\/\/pro-sic.fr\/index.php\/wp-json\/wp\/v2\/comments?post=62"}],"version-history":[{"count":48,"href":"https:\/\/pro-sic.fr\/index.php\/wp-json\/wp\/v2\/pages\/62\/revisions"}],"predecessor-version":[{"id":223,"href":"https:\/\/pro-sic.fr\/index.php\/wp-json\/wp\/v2\/pages\/62\/revisions\/223"}],"wp:attachment":[{"href":"https:\/\/pro-sic.fr\/index.php\/wp-json\/wp\/v2\/media?parent=62"}],"curies":[{"name":"wp","href":"https:\/\/api.w.org\/{rel}","templated":true}]}}